{"id":947,"date":"2023-06-21T09:16:12","date_gmt":"2023-06-21T09:16:12","guid":{"rendered":"https:\/\/modafinil.pl\/?post_type=product&#038;p=947"},"modified":"2023-06-21T15:31:22","modified_gmt":"2023-06-21T15:31:22","slug":"magnesium-l-threonate","status":"publish","type":"product","link":"https:\/\/modafinil.pl\/en\/sklep\/magnesium-l-threonate\/","title":{"rendered":"Magnesium L-threonate <<< 99.50% 1000mg"},"content":{"rendered":"<h1>Magnesium L-threonate IUPAC : Bis[(2R,3S)-2,3,4-trihydroxybutanoate] de magn\u00e9sium<\/h1>\n<ul>\n<li>\n<h2>Puret\u00e9 \u2265 99,50 %<\/h2>\n<\/li>\n<li>\n<h2>Num\u00e9ro CAS : 778571-57-6<\/h2>\n<\/li>\n<li>\n<h2>Formule : Mg(C4H7O5)2<\/h2>\n<\/li>\n<li>\n<h2>Masse molaire : 294,495 g\/mol<\/h2>\n<\/li>\n<\/ul>\n<p>&nbsp;<\/p>\n<p>D\u00e9couvrez une substance r\u00e9volutionnaire ! Magnesium L-threonate : une biodisponibilit\u00e9 sup\u00e9rieure, des avantages accrus !<\/p>\n<p>Bienvenue, chers chercheurs de sant\u00e9 et de bien-\u00eatre ! Nous souhaitons vous pr\u00e9senter une substance extraordinaire qui vous offrira non seulement une biodisponibilit\u00e9 sup\u00e9rieure, mais aussi de nombreux autres avantages inestimables. D\u00e9couvrez notre produit r\u00e9volutionnaire : le Magnesium L-threonate !<\/p>\n<p>Le Magnesium L-threonate est une substance qui r\u00e9volutionne la notion de magn\u00e9sium et son r\u00f4le dans notre organisme. Compar\u00e9 au citrate de magn\u00e9sium classique, bien connu et populaire, notre substance offre une biodisponibilit\u00e9 nettement sup\u00e9rieure, ce qui signifie que l&#8217;organisme sera en mesure d&#8217;assimiler et d&#8217;utiliser plus efficacement la dose de magn\u00e9sium fournie.<\/p>\n<p>Qu&#8217;est-ce qui distingue exactement le Magnesium L-threonate ? Voici quelques raisons pour lesquelles il vaut la peine d&#8217;opter pour notre produit :<\/p>\n<p>Biodisponibilit\u00e9 sup\u00e9rieure : le Magnesium L-threonate a une excellente capacit\u00e9 \u00e0 traverser la barri\u00e8re sang-cerveau, ce qui permet une livraison efficace du magn\u00e9sium au cerveau. Ainsi, cette substance peut soutenir les fonctions cognitives, la m\u00e9moire et la performance mentale globale.<\/p>\n<p>Am\u00e9lioration de la concentration et r\u00e9duction du stress : Notre substance peut aider \u00e0 am\u00e9liorer la concentration et la focalisation, ce qui est particuli\u00e8rement important dans le mode de vie exigeant d&#8217;aujourd&#8217;hui. De plus, gr\u00e2ce \u00e0 ses propri\u00e9t\u00e9s relaxantes, le Magnesium L-threonate peut contribuer \u00e0 r\u00e9duire le stress et \u00e0 favoriser un sentiment d&#8217;\u00e9quilibre.<\/p>\n<p>Soutien du syst\u00e8me nerveux : Le magn\u00e9sium joue un r\u00f4le cl\u00e9 dans le bon fonctionnement du syst\u00e8me nerveux. Notre produit peut soutenir l&#8217;\u00e9quilibre des \u00e9lectrolytes et l&#8217;action des neurotransmetteurs, ce qui influence la capacit\u00e9 globale d&#8217;adaptation de l&#8217;organisme.<\/p>\n<p>Soutien appropri\u00e9 pour le syst\u00e8me osseux : Le magn\u00e9sium joue un r\u00f4le cl\u00e9 dans le maintien d&#8217;os solides et d&#8217;un syst\u00e8me musculaire sain. Notre substance fournit une quantit\u00e9 ad\u00e9quate de magn\u00e9sium, ce qui peut contribuer au maintien d&#8217;os et de dents en bonne sant\u00e9.<\/p>\n<p>Une source s\u00fbre et pure : Notre Magnesium L-threonate a une puret\u00e9 \u2265 99,50 % et est soigneusement fabriqu\u00e9 pour r\u00e9pondre aux normes de qualit\u00e9 les plus \u00e9lev\u00e9es. Vous pouvez \u00eatre s\u00fbr de recevoir un produit de la plus haute qualit\u00e9.<\/p>\n<p>R\u00e9f\u00e9rences scientifiques :<\/p>\n<p>Slutsky I. et al. (2010). Enhancement of Learning and Memory by Elevating Brain Magnesium. Neuron, 65(2), 165-177. &#8211; Cette \u00e9tude sugg\u00e8re le r\u00f4le potentiel du magn\u00e9sium dans l&#8217;am\u00e9lioration des<\/p>\n","protected":false},"excerpt":{"rendered":"<p>Magnesium L-threonate &#8211; une substance r\u00e9volutionnaire offrant une biodisponibilit\u00e9 sup\u00e9rieure et de nombreux bienfaits pour la sant\u00e9 !<\/p>\n<p>Magnesium L-threonate est un produit exceptionnel qui change notre perception du magn\u00e9sium et de son r\u00f4le dans l&#8217;organisme. Gr\u00e2ce \u00e0 une biodisponibilit\u00e9 nettement sup\u00e9rieure par rapport au citrate de magn\u00e9sium traditionnel, notre substance permet une absorption et une utilisation efficaces du magn\u00e9sium par l&#8217;organisme.<\/p>\n<p>Qu&#8217;est-ce qui distingue Magnesium L-threonate ? Voici quelques raisons de choisir ce produit :<\/p>\n<ol>\n<li>Biodisponibilit\u00e9 sup\u00e9rieure : Gr\u00e2ce \u00e0 sa capacit\u00e9 exceptionnelle \u00e0 franchir la barri\u00e8re sang-cerveau, Magnesium L-threonate d\u00e9livre efficacement du magn\u00e9sium au cerveau. Il soutient les fonctions cognitives, la m\u00e9moire et les performances mentales globales.<\/li>\n<li>Am\u00e9lioration de la concentration et r\u00e9duction du stress : Magnesium L-threonate contribue \u00e0 am\u00e9liorer la concentration et la focalisation, ce qui est essentiel dans notre mode de vie exigeant. De plus, gr\u00e2ce \u00e0 ses propri\u00e9t\u00e9s relaxantes, il aide \u00e0 r\u00e9duire le stress et \u00e0 restaurer l&#8217;\u00e9quilibre.<\/li>\n<li>Soutien du syst\u00e8me nerveux : Magnesium L-threonate joue un r\u00f4le cl\u00e9 dans le bon fonctionnement du syst\u00e8me nerveux. Il favorise l&#8217;\u00e9quilibre des \u00e9lectrolytes et l&#8217;action des neurotransmetteurs, ce qui influence la capacit\u00e9 globale d&#8217;adaptation de l&#8217;organisme.<\/li>\n<li>Soutien ad\u00e9quat pour le syst\u00e8me osseux : Magnesium L-threonate est essentiel pour maintenir des os solides et un syst\u00e8me musculaire sain. Il fournit une quantit\u00e9 appropri\u00e9e de magn\u00e9sium, soutenant ainsi la sant\u00e9 des os et des dents.<\/li>\n<li>Source s\u00fbre et pure : Magnesium L-threonate offre une puret\u00e9 \u2265 99,50 % et r\u00e9pond aux normes de qualit\u00e9 les plus \u00e9lev\u00e9es. Vous pouvez avoir la certitude de recevoir un produit de la plus haute qualit\u00e9.<\/li>\n<\/ol>\n<p>D\u00e9couvrez Magnesium L-threonate r\u00e9volutionnaire et profitez de sa biodisponibilit\u00e9 sup\u00e9rieure en magn\u00e9sium ainsi que de nombreux bienfaits pour la sant\u00e9. Avant de prendre une d\u00e9cision d&#8217;achat concernant toute substance, il est toujours conseill\u00e9 de consulter un m\u00e9decin ou un sp\u00e9cialiste de la sant\u00e9 pour obtenir un avis individuel et prendre en compte vos besoins sp\u00e9cifiques en mati\u00e8re de sant\u00e9.<\/p>\n","protected":false},"featured_media":950,"comment_status":"open","ping_status":"closed","template":"","meta":[],"product_brand":[],"product_cat":[15],"product_tag":[283],"class_list":{"0":"post-947","1":"product","2":"type-product","3":"status-publish","4":"has-post-thumbnail","6":"product_cat-uncategorized","7":"product_tag-magnesium-l-threonate","9":"first","10":"instock","11":"shipping-taxable","12":"purchasable","13":"product-type-simple"},"yoast_head":"<!-- This site is optimized with the Yoast SEO plugin v26.5 - https:\/\/yoast.com\/wordpress\/plugins\/seo\/ -->\n<title>Magnesium L-threonate<\/title>\n<meta name=\"description\" content=\"Magnesium L-threonate jest najlepiej przyswajalnym Magnezem dost\u0119pnym na rynku. Produkt syntetyczny wyprodukowany w polskim Laboratorium.\" \/>\n<meta name=\"robots\" content=\"index, follow, max-snippet:-1, max-image-preview:large, max-video-preview:-1\" \/>\n<link rel=\"canonical\" href=\"https:\/\/modafinil.pl\/en\/sklep\/magnesium-l-threonate\/\" \/>\n<meta property=\"og:locale\" content=\"en_US\" \/>\n<meta property=\"og:type\" content=\"article\" \/>\n<meta property=\"og:title\" content=\"Magnesium L-threonate\" \/>\n<meta property=\"og:description\" content=\"Magnesium L-threonate jest najlepiej przyswajalnym Magnezem dost\u0119pnym na rynku. Produkt syntetyczny wyprodukowany w polskim Laboratorium.\" \/>\n<meta property=\"og:url\" content=\"https:\/\/modafinil.pl\/en\/sklep\/magnesium-l-threonate\/\" \/>\n<meta property=\"og:site_name\" content=\"NONSENSIA, Laboratorium.\" \/>\n<meta property=\"article:modified_time\" content=\"2023-06-21T15:31:22+00:00\" \/>\n<meta property=\"og:image\" content=\"https:\/\/modafinil.pl\/wp-content\/uploads\/2023\/06\/MAGNEZ.jpg\" \/>\n\t<meta property=\"og:image:width\" content=\"1280\" \/>\n\t<meta property=\"og:image:height\" content=\"896\" \/>\n\t<meta property=\"og:image:type\" content=\"image\/jpeg\" \/>\n<meta name=\"twitter:card\" content=\"summary_large_image\" \/>\n<meta name=\"twitter:label1\" content=\"Est. reading time\" \/>\n\t<meta name=\"twitter:data1\" content=\"3 minutes\" \/>\n<script type=\"application\/ld+json\" class=\"yoast-schema-graph\">{\"@context\":\"https:\/\/schema.org\",\"@graph\":[{\"@type\":\"WebPage\",\"@id\":\"https:\/\/modafinil.pl\/en\/sklep\/magnesium-l-threonate\/\",\"url\":\"https:\/\/modafinil.pl\/en\/sklep\/magnesium-l-threonate\/\",\"name\":\"Magnesium L-threonate\",\"isPartOf\":{\"@id\":\"https:\/\/modafinil.pl\/#website\"},\"primaryImageOfPage\":{\"@id\":\"https:\/\/modafinil.pl\/en\/sklep\/magnesium-l-threonate\/#primaryimage\"},\"image\":{\"@id\":\"https:\/\/modafinil.pl\/en\/sklep\/magnesium-l-threonate\/#primaryimage\"},\"thumbnailUrl\":\"https:\/\/modafinil.pl\/wp-content\/uploads\/2023\/06\/MAGNEZ.jpg\",\"datePublished\":\"2023-06-21T09:16:12+00:00\",\"dateModified\":\"2023-06-21T15:31:22+00:00\",\"description\":\"Magnesium L-threonate jest najlepiej przyswajalnym Magnezem dost\u0119pnym na rynku. Produkt syntetyczny wyprodukowany w polskim Laboratorium.\",\"breadcrumb\":{\"@id\":\"https:\/\/modafinil.pl\/en\/sklep\/magnesium-l-threonate\/#breadcrumb\"},\"inLanguage\":\"en-US\",\"potentialAction\":[{\"@type\":\"ReadAction\",\"target\":[\"https:\/\/modafinil.pl\/en\/sklep\/magnesium-l-threonate\/\"]}]},{\"@type\":\"ImageObject\",\"inLanguage\":\"en-US\",\"@id\":\"https:\/\/modafinil.pl\/en\/sklep\/magnesium-l-threonate\/#primaryimage\",\"url\":\"https:\/\/modafinil.pl\/wp-content\/uploads\/2023\/06\/MAGNEZ.jpg\",\"contentUrl\":\"https:\/\/modafinil.pl\/wp-content\/uploads\/2023\/06\/MAGNEZ.jpg\",\"width\":1280,\"height\":896},{\"@type\":\"BreadcrumbList\",\"@id\":\"https:\/\/modafinil.pl\/en\/sklep\/magnesium-l-threonate\/#breadcrumb\",\"itemListElement\":[{\"@type\":\"ListItem\",\"position\":1,\"name\":\"Home\",\"item\":\"https:\/\/modafinil.pl\/en\/shop-2\/\"},{\"@type\":\"ListItem\",\"position\":2,\"name\":\"Nonsensia .: LAB\",\"item\":\"https:\/\/modafinil.pl\/\"},{\"@type\":\"ListItem\",\"position\":3,\"name\":\"Magnesium L-threonate\"}]},{\"@type\":\"WebSite\",\"@id\":\"https:\/\/modafinil.pl\/#website\",\"url\":\"https:\/\/modafinil.pl\/\",\"name\":\"NONSENSIA, Laboratorium.\",\"description\":\"Modafinil, Bromantane NOOTROPIKI. Nonsensia LAB!\",\"potentialAction\":[{\"@type\":\"SearchAction\",\"target\":{\"@type\":\"EntryPoint\",\"urlTemplate\":\"https:\/\/modafinil.pl\/?s={search_term_string}\"},\"query-input\":{\"@type\":\"PropertyValueSpecification\",\"valueRequired\":true,\"valueName\":\"search_term_string\"}}],\"inLanguage\":\"en-US\"}]}<\/script>\n<!-- \/ Yoast SEO plugin. -->","yoast_head_json":{"title":"Magnesium L-threonate","description":"Magnesium L-threonate jest najlepiej przyswajalnym Magnezem dost\u0119pnym na rynku. Produkt syntetyczny wyprodukowany w polskim Laboratorium.","robots":{"index":"index","follow":"follow","max-snippet":"max-snippet:-1","max-image-preview":"max-image-preview:large","max-video-preview":"max-video-preview:-1"},"canonical":"https:\/\/modafinil.pl\/en\/sklep\/magnesium-l-threonate\/","og_locale":"en_US","og_type":"article","og_title":"Magnesium L-threonate","og_description":"Magnesium L-threonate jest najlepiej przyswajalnym Magnezem dost\u0119pnym na rynku. Produkt syntetyczny wyprodukowany w polskim Laboratorium.","og_url":"https:\/\/modafinil.pl\/en\/sklep\/magnesium-l-threonate\/","og_site_name":"NONSENSIA, Laboratorium.","article_modified_time":"2023-06-21T15:31:22+00:00","og_image":[{"width":1280,"height":896,"url":"https:\/\/modafinil.pl\/wp-content\/uploads\/2023\/06\/MAGNEZ.jpg","type":"image\/jpeg"}],"twitter_card":"summary_large_image","twitter_misc":{"Est. reading time":"3 minutes"},"schema":{"@context":"https:\/\/schema.org","@graph":[{"@type":"WebPage","@id":"https:\/\/modafinil.pl\/en\/sklep\/magnesium-l-threonate\/","url":"https:\/\/modafinil.pl\/en\/sklep\/magnesium-l-threonate\/","name":"Magnesium L-threonate","isPartOf":{"@id":"https:\/\/modafinil.pl\/#website"},"primaryImageOfPage":{"@id":"https:\/\/modafinil.pl\/en\/sklep\/magnesium-l-threonate\/#primaryimage"},"image":{"@id":"https:\/\/modafinil.pl\/en\/sklep\/magnesium-l-threonate\/#primaryimage"},"thumbnailUrl":"https:\/\/modafinil.pl\/wp-content\/uploads\/2023\/06\/MAGNEZ.jpg","datePublished":"2023-06-21T09:16:12+00:00","dateModified":"2023-06-21T15:31:22+00:00","description":"Magnesium L-threonate jest najlepiej przyswajalnym Magnezem dost\u0119pnym na rynku. Produkt syntetyczny wyprodukowany w polskim Laboratorium.","breadcrumb":{"@id":"https:\/\/modafinil.pl\/en\/sklep\/magnesium-l-threonate\/#breadcrumb"},"inLanguage":"en-US","potentialAction":[{"@type":"ReadAction","target":["https:\/\/modafinil.pl\/en\/sklep\/magnesium-l-threonate\/"]}]},{"@type":"ImageObject","inLanguage":"en-US","@id":"https:\/\/modafinil.pl\/en\/sklep\/magnesium-l-threonate\/#primaryimage","url":"https:\/\/modafinil.pl\/wp-content\/uploads\/2023\/06\/MAGNEZ.jpg","contentUrl":"https:\/\/modafinil.pl\/wp-content\/uploads\/2023\/06\/MAGNEZ.jpg","width":1280,"height":896},{"@type":"BreadcrumbList","@id":"https:\/\/modafinil.pl\/en\/sklep\/magnesium-l-threonate\/#breadcrumb","itemListElement":[{"@type":"ListItem","position":1,"name":"Home","item":"https:\/\/modafinil.pl\/en\/shop-2\/"},{"@type":"ListItem","position":2,"name":"Nonsensia .: LAB","item":"https:\/\/modafinil.pl\/"},{"@type":"ListItem","position":3,"name":"Magnesium L-threonate"}]},{"@type":"WebSite","@id":"https:\/\/modafinil.pl\/#website","url":"https:\/\/modafinil.pl\/","name":"NONSENSIA, Laboratorium.","description":"Modafinil, Bromantane NOOTROPIKI. Nonsensia LAB!","potentialAction":[{"@type":"SearchAction","target":{"@type":"EntryPoint","urlTemplate":"https:\/\/modafinil.pl\/?s={search_term_string}"},"query-input":{"@type":"PropertyValueSpecification","valueRequired":true,"valueName":"search_term_string"}}],"inLanguage":"en-US"}]}},"_links":{"self":[{"href":"https:\/\/modafinil.pl\/en\/wp-json\/wp\/v2\/product\/947","targetHints":{"allow":["GET"]}}],"collection":[{"href":"https:\/\/modafinil.pl\/en\/wp-json\/wp\/v2\/product"}],"about":[{"href":"https:\/\/modafinil.pl\/en\/wp-json\/wp\/v2\/types\/product"}],"replies":[{"embeddable":true,"href":"https:\/\/modafinil.pl\/en\/wp-json\/wp\/v2\/comments?post=947"}],"wp:featuredmedia":[{"embeddable":true,"href":"https:\/\/modafinil.pl\/en\/wp-json\/wp\/v2\/media\/950"}],"wp:attachment":[{"href":"https:\/\/modafinil.pl\/en\/wp-json\/wp\/v2\/media?parent=947"}],"wp:term":[{"taxonomy":"product_brand","embeddable":true,"href":"https:\/\/modafinil.pl\/en\/wp-json\/wp\/v2\/product_brand?post=947"},{"taxonomy":"product_cat","embeddable":true,"href":"https:\/\/modafinil.pl\/en\/wp-json\/wp\/v2\/product_cat?post=947"},{"taxonomy":"product_tag","embeddable":true,"href":"https:\/\/modafinil.pl\/en\/wp-json\/wp\/v2\/product_tag?post=947"}],"curies":[{"name":"wp","href":"https:\/\/api.w.org\/{rel}","templated":true}]}}