{"id":635,"date":"2022-11-11T10:23:30","date_gmt":"2022-11-11T10:23:30","guid":{"rendered":"https:\/\/modafinil.pl\/?post_type=product&#038;p=635"},"modified":"2022-11-11T11:40:33","modified_gmt":"2022-11-11T11:40:33","slug":"olivetol","status":"publish","type":"product","link":"https:\/\/modafinil.pl\/en\/sklep\/olivetol\/","title":{"rendered":"Olivetol! Detoksykacja THC. ANTIDOTUM na THC\/CBD\/HHC\/HHC-O. Olivetol! Czysto\u015b\u0107 \u2265 99.00% 1000mg."},"content":{"rendered":"<h1>Olivetol, DETOKSYKACJA ORGANIZMU Z THC\/CBD\/HHC\/HHC-O!<\/h1>\n<p>Czysto\u015b\u0107 Olivetolu \u2265 99.00%<\/p>\n<ul>\n<li>Waga netto Olivetolu: 1000mg<\/li>\n<li>Olivetol czysto\u015b\u0107 substancji \u2265 99%<\/li>\n<li>CAS No.: 500-66-3<\/li>\n<li>Chemical formula: C11H16O2<\/li>\n<li>Masa molowa: 180.247 g\u00b7mol\u22121<\/li>\n<li>Zastosowanie: Produkt do bada\u0144 labolatoryjnych i syntez. Nie do spo\u017cycia.<\/li>\n<li>Pakowanie: Aluminiowa zaplombowana torba strunowa.<\/li>\n<li>Posta\u0107: Szary proszek.<\/li>\n<\/ul>\n<h2>Szukasz \u015brodka kt\u00f3ry zniweluje dzia\u0142anie Kannaboid\u00f3w?<br \/>\nTrafi\u0142e\u015b doskonale! Olivetol jest substancj\u0105 kt\u00f3ra niweluje psychoaktywne dzia\u0142anie THC\/CBD\/HHC\/HHCO!<\/h2>\n<h2>Chcesz rozsta\u0107 si\u0119 z THC&#8230; masz dosy\u0107 jarania zielska?<\/h2>\n<h2>Olivetol jest jedynym naukowo potwierdzonym \u015brodkiem kt\u00f3ry pomo\u017ce Ci rozsta\u0107 si\u0119 z Kannaboidami. Olivetol mo\u017cna spo\u017cywa\u0107 po spo\u017cyciu THC, aby znacznie zmniejszy\u0107 psychotropowe i inne efekty THC. Olivetol to tak\u017ce prokursor do produkcji syntetycznych kannaboid\u00f3w. Generalnie jest to moleku\u0142a wyj\u015bciowa do ka\u017cdej syntezy syntetycznych kannabidoli. Zniwelowanie psychoaktywnego dzia\u0142ania THC za pomoc\u0105 Olivetolu pomo\u017ce zredukowa\u0107 uzale\u017cnienie psychiczne od THC.<\/h2>\n<h4>Refernecje naukowe:<\/h4>\n<ul>\n<li>\n<h5>https:\/\/www.ncbi.nlm.nih.gov\/pmc\/articles\/PMC8725448\/<\/h5>\n<\/li>\n<li>\n<h5>https:\/\/www.ncbi.nlm.nih.gov\/pmc\/articles\/PMC1978428\/<\/h5>\n<\/li>\n<li>\n<h5>https:\/\/www.ncbi.nlm.nih.gov\/pmc\/articles\/PMC7217186\/<\/h5>\n<\/li>\n<\/ul>\n","protected":false},"excerpt":{"rendered":"<p>Olivetol, DETOKSYKACJA ORGANIZMU Z THC\/CBD\/HHC\/HHC-O! Czysto\u015b\u0107 Olivetolu \u2265 99.00% Waga netto Olivetolu: 1000mg Olivetol czysto\u015b\u0107 substancji \u2265 99% CAS No.: 500-66-3 Chemical formula: C11H16O2 Masa molowa: 180.247 g\u00b7mol\u22121 Zastosowanie: Produkt do bada\u0144 labolatoryjnych i syntez. Nie do spo\u017cycia. Pakowanie: Aluminiowa zaplombowana torba strunowa. Posta\u0107: Szary proszek. Szukasz \u015brodka kt\u00f3ry zniweluje dzia\u0142anie Kannaboid\u00f3w? Trafi\u0142e\u015b doskonale! Olivetol [&hellip;]<\/p>\n","protected":false},"featured_media":636,"comment_status":"open","ping_status":"closed","template":"","meta":[],"product_brand":[],"product_cat":[270],"product_tag":[277,279,278,276,275],"class_list":{"0":"post-635","1":"product","2":"type-product","3":"status-publish","4":"has-post-thumbnail","6":"product_cat-natural","7":"product_tag-cas-no-500-66-3","8":"product_tag-detoksykacja-z-thc","9":"product_tag-detox-thc","10":"product_tag-olivetiol","11":"product_tag-olivetol","13":"first","14":"instock","15":"shipping-taxable","16":"purchasable","17":"product-type-simple"},"yoast_head":"<!-- This site is optimized with the Yoast SEO plugin v26.5 - https:\/\/yoast.com\/wordpress\/plugins\/seo\/ -->\n<title>Olivetol! Detoksykacja THC. ANTIDOTUM na THC\/CBD\/HHC\/HHC-O. Olivetol! Czysto\u015b\u0107 \u2265 99.00% 1000mg. - NONSENSIA, Laboratorium.<\/title>\n<meta name=\"description\" content=\"Olivetol to jedyna znana moleku\u0142a kt\u00f3ra niweluje psychoaktywne dzia\u0142anie Kannaboid\u00f3w. M\u00f3wi\u0105c dos\u0142ownie jest jedyn\u0105 znan\u0105 nauce odtrutk\u0105 na THC\/CBD\/HHC\/HHC-O\" \/>\n<meta name=\"robots\" content=\"index, follow, max-snippet:-1, max-image-preview:large, max-video-preview:-1\" \/>\n<link rel=\"canonical\" href=\"https:\/\/modafinil.pl\/en\/sklep\/olivetol\/\" \/>\n<meta property=\"og:locale\" content=\"en_US\" \/>\n<meta property=\"og:type\" content=\"article\" \/>\n<meta property=\"og:title\" content=\"Olivetol! Detoksykacja THC. ANTIDOTUM na THC\/CBD\/HHC\/HHC-O. Olivetol! Czysto\u015b\u0107 \u2265 99.00% 1000mg. - NONSENSIA, Laboratorium.\" \/>\n<meta property=\"og:description\" content=\"Olivetol to jedyna znana moleku\u0142a kt\u00f3ra niweluje psychoaktywne dzia\u0142anie Kannaboid\u00f3w. M\u00f3wi\u0105c dos\u0142ownie jest jedyn\u0105 znan\u0105 nauce odtrutk\u0105 na THC\/CBD\/HHC\/HHC-O\" \/>\n<meta property=\"og:url\" content=\"https:\/\/modafinil.pl\/en\/sklep\/olivetol\/\" \/>\n<meta property=\"og:site_name\" content=\"NONSENSIA, Laboratorium.\" \/>\n<meta property=\"article:modified_time\" content=\"2022-11-11T11:40:33+00:00\" \/>\n<meta property=\"og:image\" content=\"https:\/\/modafinil.pl\/wp-content\/uploads\/2022\/11\/Olivetol_ANTIDOTYM_DETOX-1024x1024.png\" \/>\n\t<meta property=\"og:image:width\" content=\"1024\" \/>\n\t<meta property=\"og:image:height\" content=\"1024\" \/>\n\t<meta property=\"og:image:type\" content=\"image\/png\" \/>\n<meta name=\"twitter:card\" content=\"summary_large_image\" \/>\n<meta name=\"twitter:label1\" content=\"Est. reading time\" \/>\n\t<meta name=\"twitter:data1\" content=\"1 minute\" \/>\n<script type=\"application\/ld+json\" class=\"yoast-schema-graph\">{\"@context\":\"https:\/\/schema.org\",\"@graph\":[{\"@type\":\"WebPage\",\"@id\":\"https:\/\/modafinil.pl\/en\/sklep\/olivetol\/\",\"url\":\"https:\/\/modafinil.pl\/en\/sklep\/olivetol\/\",\"name\":\"Olivetol! Detoksykacja THC. ANTIDOTUM na THC\/CBD\/HHC\/HHC-O. Olivetol! Czysto\u015b\u0107 \u2265 99.00% 1000mg. - NONSENSIA, Laboratorium.\",\"isPartOf\":{\"@id\":\"https:\/\/modafinil.pl\/#website\"},\"primaryImageOfPage\":{\"@id\":\"https:\/\/modafinil.pl\/en\/sklep\/olivetol\/#primaryimage\"},\"image\":{\"@id\":\"https:\/\/modafinil.pl\/en\/sklep\/olivetol\/#primaryimage\"},\"thumbnailUrl\":\"https:\/\/modafinil.pl\/wp-content\/uploads\/2022\/11\/Olivetol_ANTIDOTYM_DETOX.png\",\"datePublished\":\"2022-11-11T10:23:30+00:00\",\"dateModified\":\"2022-11-11T11:40:33+00:00\",\"description\":\"Olivetol to jedyna znana moleku\u0142a kt\u00f3ra niweluje psychoaktywne dzia\u0142anie Kannaboid\u00f3w. M\u00f3wi\u0105c dos\u0142ownie jest jedyn\u0105 znan\u0105 nauce odtrutk\u0105 na THC\/CBD\/HHC\/HHC-O\",\"breadcrumb\":{\"@id\":\"https:\/\/modafinil.pl\/en\/sklep\/olivetol\/#breadcrumb\"},\"inLanguage\":\"en-US\",\"potentialAction\":[{\"@type\":\"ReadAction\",\"target\":[\"https:\/\/modafinil.pl\/en\/sklep\/olivetol\/\"]}]},{\"@type\":\"ImageObject\",\"inLanguage\":\"en-US\",\"@id\":\"https:\/\/modafinil.pl\/en\/sklep\/olivetol\/#primaryimage\",\"url\":\"https:\/\/modafinil.pl\/wp-content\/uploads\/2022\/11\/Olivetol_ANTIDOTYM_DETOX.png\",\"contentUrl\":\"https:\/\/modafinil.pl\/wp-content\/uploads\/2022\/11\/Olivetol_ANTIDOTYM_DETOX.png\",\"width\":1920,\"height\":1920,\"caption\":\"THC-DETOX\"},{\"@type\":\"BreadcrumbList\",\"@id\":\"https:\/\/modafinil.pl\/en\/sklep\/olivetol\/#breadcrumb\",\"itemListElement\":[{\"@type\":\"ListItem\",\"position\":1,\"name\":\"Home\",\"item\":\"https:\/\/modafinil.pl\/en\/shop-2\/\"},{\"@type\":\"ListItem\",\"position\":2,\"name\":\"Nonsensia .: LAB\",\"item\":\"https:\/\/modafinil.pl\/\"},{\"@type\":\"ListItem\",\"position\":3,\"name\":\"Olivetol! Detoksykacja THC. ANTIDOTUM na THC\/CBD\/HHC\/HHC-O. Olivetol! Czysto\u015b\u0107 \u2265 99.00% 1000mg.\"}]},{\"@type\":\"WebSite\",\"@id\":\"https:\/\/modafinil.pl\/#website\",\"url\":\"https:\/\/modafinil.pl\/\",\"name\":\"NONSENSIA, Laboratorium.\",\"description\":\"Modafinil, Bromantane NOOTROPIKI. Nonsensia LAB!\",\"potentialAction\":[{\"@type\":\"SearchAction\",\"target\":{\"@type\":\"EntryPoint\",\"urlTemplate\":\"https:\/\/modafinil.pl\/?s={search_term_string}\"},\"query-input\":{\"@type\":\"PropertyValueSpecification\",\"valueRequired\":true,\"valueName\":\"search_term_string\"}}],\"inLanguage\":\"en-US\"}]}<\/script>\n<!-- \/ Yoast SEO plugin. -->","yoast_head_json":{"title":"Olivetol! Detoksykacja THC. ANTIDOTUM na THC\/CBD\/HHC\/HHC-O. Olivetol! Czysto\u015b\u0107 \u2265 99.00% 1000mg. - NONSENSIA, Laboratorium.","description":"Olivetol to jedyna znana moleku\u0142a kt\u00f3ra niweluje psychoaktywne dzia\u0142anie Kannaboid\u00f3w. M\u00f3wi\u0105c dos\u0142ownie jest jedyn\u0105 znan\u0105 nauce odtrutk\u0105 na THC\/CBD\/HHC\/HHC-O","robots":{"index":"index","follow":"follow","max-snippet":"max-snippet:-1","max-image-preview":"max-image-preview:large","max-video-preview":"max-video-preview:-1"},"canonical":"https:\/\/modafinil.pl\/en\/sklep\/olivetol\/","og_locale":"en_US","og_type":"article","og_title":"Olivetol! Detoksykacja THC. ANTIDOTUM na THC\/CBD\/HHC\/HHC-O. Olivetol! Czysto\u015b\u0107 \u2265 99.00% 1000mg. - NONSENSIA, Laboratorium.","og_description":"Olivetol to jedyna znana moleku\u0142a kt\u00f3ra niweluje psychoaktywne dzia\u0142anie Kannaboid\u00f3w. M\u00f3wi\u0105c dos\u0142ownie jest jedyn\u0105 znan\u0105 nauce odtrutk\u0105 na THC\/CBD\/HHC\/HHC-O","og_url":"https:\/\/modafinil.pl\/en\/sklep\/olivetol\/","og_site_name":"NONSENSIA, Laboratorium.","article_modified_time":"2022-11-11T11:40:33+00:00","og_image":[{"width":1024,"height":1024,"url":"https:\/\/modafinil.pl\/wp-content\/uploads\/2022\/11\/Olivetol_ANTIDOTYM_DETOX-1024x1024.png","type":"image\/png"}],"twitter_card":"summary_large_image","twitter_misc":{"Est. reading time":"1 minute"},"schema":{"@context":"https:\/\/schema.org","@graph":[{"@type":"WebPage","@id":"https:\/\/modafinil.pl\/en\/sklep\/olivetol\/","url":"https:\/\/modafinil.pl\/en\/sklep\/olivetol\/","name":"Olivetol! Detoksykacja THC. ANTIDOTUM na THC\/CBD\/HHC\/HHC-O. Olivetol! Czysto\u015b\u0107 \u2265 99.00% 1000mg. - NONSENSIA, Laboratorium.","isPartOf":{"@id":"https:\/\/modafinil.pl\/#website"},"primaryImageOfPage":{"@id":"https:\/\/modafinil.pl\/en\/sklep\/olivetol\/#primaryimage"},"image":{"@id":"https:\/\/modafinil.pl\/en\/sklep\/olivetol\/#primaryimage"},"thumbnailUrl":"https:\/\/modafinil.pl\/wp-content\/uploads\/2022\/11\/Olivetol_ANTIDOTYM_DETOX.png","datePublished":"2022-11-11T10:23:30+00:00","dateModified":"2022-11-11T11:40:33+00:00","description":"Olivetol to jedyna znana moleku\u0142a kt\u00f3ra niweluje psychoaktywne dzia\u0142anie Kannaboid\u00f3w. M\u00f3wi\u0105c dos\u0142ownie jest jedyn\u0105 znan\u0105 nauce odtrutk\u0105 na THC\/CBD\/HHC\/HHC-O","breadcrumb":{"@id":"https:\/\/modafinil.pl\/en\/sklep\/olivetol\/#breadcrumb"},"inLanguage":"en-US","potentialAction":[{"@type":"ReadAction","target":["https:\/\/modafinil.pl\/en\/sklep\/olivetol\/"]}]},{"@type":"ImageObject","inLanguage":"en-US","@id":"https:\/\/modafinil.pl\/en\/sklep\/olivetol\/#primaryimage","url":"https:\/\/modafinil.pl\/wp-content\/uploads\/2022\/11\/Olivetol_ANTIDOTYM_DETOX.png","contentUrl":"https:\/\/modafinil.pl\/wp-content\/uploads\/2022\/11\/Olivetol_ANTIDOTYM_DETOX.png","width":1920,"height":1920,"caption":"THC-DETOX"},{"@type":"BreadcrumbList","@id":"https:\/\/modafinil.pl\/en\/sklep\/olivetol\/#breadcrumb","itemListElement":[{"@type":"ListItem","position":1,"name":"Home","item":"https:\/\/modafinil.pl\/en\/shop-2\/"},{"@type":"ListItem","position":2,"name":"Nonsensia .: LAB","item":"https:\/\/modafinil.pl\/"},{"@type":"ListItem","position":3,"name":"Olivetol! Detoksykacja THC. ANTIDOTUM na THC\/CBD\/HHC\/HHC-O. Olivetol! Czysto\u015b\u0107 \u2265 99.00% 1000mg."}]},{"@type":"WebSite","@id":"https:\/\/modafinil.pl\/#website","url":"https:\/\/modafinil.pl\/","name":"NONSENSIA, Laboratorium.","description":"Modafinil, Bromantane NOOTROPIKI. Nonsensia LAB!","potentialAction":[{"@type":"SearchAction","target":{"@type":"EntryPoint","urlTemplate":"https:\/\/modafinil.pl\/?s={search_term_string}"},"query-input":{"@type":"PropertyValueSpecification","valueRequired":true,"valueName":"search_term_string"}}],"inLanguage":"en-US"}]}},"_links":{"self":[{"href":"https:\/\/modafinil.pl\/en\/wp-json\/wp\/v2\/product\/635","targetHints":{"allow":["GET"]}}],"collection":[{"href":"https:\/\/modafinil.pl\/en\/wp-json\/wp\/v2\/product"}],"about":[{"href":"https:\/\/modafinil.pl\/en\/wp-json\/wp\/v2\/types\/product"}],"replies":[{"embeddable":true,"href":"https:\/\/modafinil.pl\/en\/wp-json\/wp\/v2\/comments?post=635"}],"wp:featuredmedia":[{"embeddable":true,"href":"https:\/\/modafinil.pl\/en\/wp-json\/wp\/v2\/media\/636"}],"wp:attachment":[{"href":"https:\/\/modafinil.pl\/en\/wp-json\/wp\/v2\/media?parent=635"}],"wp:term":[{"taxonomy":"product_brand","embeddable":true,"href":"https:\/\/modafinil.pl\/en\/wp-json\/wp\/v2\/product_brand?post=635"},{"taxonomy":"product_cat","embeddable":true,"href":"https:\/\/modafinil.pl\/en\/wp-json\/wp\/v2\/product_cat?post=635"},{"taxonomy":"product_tag","embeddable":true,"href":"https:\/\/modafinil.pl\/en\/wp-json\/wp\/v2\/product_tag?post=635"}],"curies":[{"name":"wp","href":"https:\/\/api.w.org\/{rel}","templated":true}]}}