{"id":629,"date":"2022-11-09T18:22:13","date_gmt":"2022-11-09T18:22:13","guid":{"rendered":"https:\/\/modafinil.pl\/?post_type=product&#038;p=629"},"modified":"2022-11-09T18:22:13","modified_gmt":"2022-11-09T18:22:13","slug":"caffeine","status":"publish","type":"product","link":"https:\/\/modafinil.pl\/en\/sklep\/caffeine\/","title":{"rendered":"Caffeine\/ Kofeina 1000mg 99.97% NONSENIA"},"content":{"rendered":"<h1>Caffeine \/ Kofeina bezwodna \u2013 99.97% czysto\u015bci<\/h1>\n<ul>\n<li>Waga: 1000mg<\/li>\n<li>Nr CAS: 58-08-2<\/li>\n<li><span title=\"Carbon\">Formu\u0142a molekularna: C<\/span><sub>8<\/sub><span title=\"Hydrogen\">H<\/span><sub>10<\/sub><span title=\"Nitrogen\">N<\/span><sub>4<\/sub><span title=\"Oxygen\">O<\/span><sub>2<\/sub><\/li>\n<li>Punkt topnienia:\u00a0 Od 235\u00b0C do 238 \u00b0C<\/li>\n<li>Forma: BIA\u0141Y PUSZYSTY PROSZEK<\/li>\n<li>Pakowanie: zaplombowana alumioniowa saszetka.<\/li>\n<li>Pozyskanie: Kofeina pozyskana za pomoc\u0105 ekstrakcji z nasion kawy.<\/li>\n<li>Certyfikowany produkt.<\/li>\n<\/ul>\n<p>KOFEINA (Caffeine Anhydrous), powszechnie znana jako KOFEINA BEZWODNA, to naturalny sk\u0142adnik wyst\u0119puj\u0105cy w nasionach kawy, wi\u0119c mo\u017cesz mie\u0107 pewno\u015b\u0107, \u017ce nie jest to sztucznie wytworzona substancja chemiczna. Oferowana przez nas Kofeina to bezpieczna substancja wyekstrachowana z nasion. Kofeina dzi\u0105\u0142a stymuluj\u0105co na o\u015brodkowy uk\u0142ad nerwowy.<\/p>\n<p>Co najwa\u017cniejsze, Kofeina stawia szybko na nogi&#8230; Dzi\u0119ki niej szkolenie, nauka czy uci\u0105\u017cliwa praca s\u0105 przyjeniejsze.<\/p>\n<p>Standardowa dzienna dawka kofeiny wynosi od 50mg do nawet 200 mg na dob\u0119. Uwaga przy wi\u0119kszych dawkach mog\u0105 pojawi\u0107 si\u0119 problemy z za\u015bni\u0119ciem! Kofeina bezwodna ma bardzo intensywny wp\u0142yw na ludzki organizm. Dlatego najlepiej rozpoczyna\u0107 jej stosowanie od jak najmniejszych dawk. Nie powinno si\u0119 przyjmowa\u0107 wi\u0119cej ni\u017c 500mg kofeiny dziennie. Ka\u017cdy organizm jest inny i mo\u017ce mie\u0107 r\u00f3\u017cn\u0105 tolerancj\u0119 na kofein\u0119. Definitywnie zalecamy przyjmowanie najni\u017cszej skutecznej dawki.<\/p>\n<h3>W\u0142a\u015bciwo\u015bci Kofeiny:<\/h3>\n<ul>\n<li>Znacznie zwi\u0119ksza wydolno\u015b\u0107 organizmu.<\/li>\n<li>Wydatnie przyspiesza metabolizm oraz spalanie t\u0142uszczu.<\/li>\n<li>Poprawia funkcje kognitywne w tym plastyczno\u015b\u0107 my\u015blenia.<\/li>\n<li>Zmniejsza uczucie zm\u0119czenia oraz senno\u015bci.<\/li>\n<li>Zwi\u0119ksza szeroko poj\u0119t\u0105 koncentracj\u0119.<\/li>\n<li>Pozwala szybciej asymilowa\u0107 informacje.<\/li>\n<li>Wyd\u0142u\u017ca sprawno\u015b\u0107 intelektualn\u0105.<\/li>\n<li>Poprawia koordynacj\u0119 ruchow\u0105.<\/li>\n<li>Znacznie poprawia nastr\u00f3j poprzez zwi\u0119kszenie st\u0119\u017cenia neuroprzeka\u017anik\u00f3w.<\/li>\n<\/ul>\n<p>Dzi\u0119ki Kofeinie mo\u017cemy wykonywa\u0107 wi\u0119cej czynno\u015bci w kr\u00f3tszym okresie czasu. Liczne badania naukowe dowiod\u0142y, \u017ce kofeina poprawia koncentracj\u0119 i wydatnie poprawia pami\u0119\u0107 kr\u00f3tkotrwa\u0142\u0105. Jest to idealny \u015brodek do nauki szczeg\u00f3lnie na szczeblu uniwersyteckim.<\/p>\n<p>Kofeina bezwodna to tak\u017ce niezawodny suplement diety dla sportowc\u00f3w. Przyswojenie kofeiny przed treningiem (PRZEDTRENING\u00d3WKA) znacznie zwi\u0119ksza mo\u017cliwo\u015bci fizyczne, motoryczne oraz wytrzyma\u0142o\u015bciowe organizmu. Niweluje uczucie zm\u0119czenie. Sprawia \u017ce trening mo\u017ce by\u0107 d\u0142u\u017cszy i bardziej efektywny! Kofeina w po\u0142\u0105czeniu z Apigenin\u0105 mo\u017ce wyd\u0142u\u017cy\u0107 okres intenswynego wysi\u0142ku fizycznego nawet o 40%.<\/p>\n<p>Kofeina jest r\u00f3wnie\u017c pomocna w procesie odchudzania szybko pomaga w przemianach metabolicznych kalorii w ciep\u0142o. Dzi\u0119ki czemu zwi\u0119ksza si\u0119 wydolno\u015b\u0107 ca\u0142ego organizmu. Osoby przyjmuj\u0105ce kofein\u0119 w celu zmniejszenia wagi cia\u0142a powinny spo\u017cywa\u0107 j\u0105 w po\u0142\u0105czeniu z L-Carnityn\u0105 kt\u00f3ra dzia\u0142a synergicznie w po\u0142\u0105czeniu ze stymuluj\u0105cym diza\u0142aniem kofeiny.<\/p>\n<p>Kofeina bezwodna znajduje zastosowanie w wielu preparatach odchudzaj\u0105cych i kosmetycznych a szczeg\u00f3lnie w od\u017cywkach przedtrening\u00f3wych dla sportowc\u00f3w.<\/p>\n<p>Produkt ten sprawdza \u015bwietnie i jest u\u017cywany przez kierowc\u00f3w podczas pokonywania d\u0142ugich i m\u0119cz\u0105cych tras.<\/p>\n<p>KOFEINA (Caffeine Anhydrous), powszechnie znana jako KOFEINA BEZWODNA, to naturalny sk\u0142adnik wyst\u0119puj\u0105cy w nasionach kawy, wi\u0119c mo\u017cesz mie\u0107 pewno\u015b\u0107, \u017ce nie jest to sztucznie wytworzona substancja chemiczna. Oferowana przez nas Kofeina to bezpieczna substancja wyekstrachowana z nasion. Kofeina dzi\u0105\u0142a stymuluj\u0105co na o\u015brodkowy uk\u0142ad nerwowy.<\/p>\n<p>Co najwa\u017cniejsze, Kofeina stawia szybko na nogi&#8230; Dzi\u0119ki niej szkolenie, nauka czy uci\u0105\u017cliwa praca s\u0105 przyjeniejsze.<\/p>\n<p>Standardowa dzienna dawka kofeiny wynosi od 50mg do nawet 200 mg na dob\u0119. Uwaga przy wi\u0119kszych dawkach mog\u0105 pojawi\u0107 si\u0119 problemy z za\u015bni\u0119ciem! Kofeina bezwodna ma bardzo intensywny wp\u0142yw na ludzki organizm. Dlatego najlepiej rozpoczyna\u0107 jej stosowanie od jak najmniejszych dawk. Nie powinno si\u0119 przyjmowa\u0107 wi\u0119cej ni\u017c 500mg kofeiny dziennie. Ka\u017cdy organizm jest inny i mo\u017ce mie\u0107 r\u00f3\u017cn\u0105 tolerancj\u0119 na kofein\u0119. Definitywnie zalecamy przyjmowanie najni\u017cszej skutecznej dawki.<\/p>\n<p>&nbsp;<\/p>\n","protected":false},"excerpt":{"rendered":"<p>Caffeine \/ Kofeina bezwodna \u2013 99.97% czysto\u015bci Waga: 1000mg Nr CAS: 58-08-2 Formu\u0142a molekularna: C8H10N4O2 Punkt topnienia:\u00a0 Od 235\u00b0C do 238 \u00b0C Forma: BIA\u0141Y PUSZYSTY PROSZEK Pakowanie: zaplombowana alumioniowa saszetka. Pozyskanie: Kofeina pozyskana za pomoc\u0105 ekstrakcji z nasion kawy. Certyfikowany produkt. KOFEINA (Caffeine Anhydrous), powszechnie znana jako KOFEINA BEZWODNA, to naturalny sk\u0142adnik wyst\u0119puj\u0105cy w nasionach [&hellip;]<\/p>\n","protected":false},"featured_media":630,"comment_status":"open","ping_status":"closed","template":"","meta":[],"product_brand":[],"product_cat":[270],"product_tag":[272,271,273,274],"class_list":{"0":"post-629","1":"product","2":"type-product","3":"status-publish","4":"has-post-thumbnail","6":"product_cat-natural","7":"product_tag-caffeine","8":"product_tag-kofeina","9":"product_tag-kofeina-bezwodna","10":"product_tag-nr-cas-58-08-2","12":"first","13":"instock","14":"shipping-taxable","15":"purchasable","16":"product-type-simple"},"yoast_head":"<!-- This site is optimized with the Yoast SEO plugin v26.5 - https:\/\/yoast.com\/wordpress\/plugins\/seo\/ -->\n<title>Caffeine\/ Kofeina 1000mg 99.97% NONSENIA - NONSENSIA, Laboratorium.<\/title>\n<meta name=\"description\" content=\"Caffeine czyli kofeina. Substancja stymuluj\u0105ca, znana i u\u017cywana przez ludzi w ka\u017cdej d\u0142ugo\u015bci i szeroko\u015bci geograficznej. U nas kupisz czyst\u0105 kofein\u0119!\" \/>\n<meta name=\"robots\" content=\"index, follow, max-snippet:-1, max-image-preview:large, max-video-preview:-1\" \/>\n<link rel=\"canonical\" href=\"https:\/\/modafinil.pl\/en\/sklep\/caffeine\/\" \/>\n<meta property=\"og:locale\" content=\"en_US\" \/>\n<meta property=\"og:type\" content=\"article\" \/>\n<meta property=\"og:title\" content=\"Caffeine\/ Kofeina 1000mg 99.97% NONSENIA - NONSENSIA, Laboratorium.\" \/>\n<meta property=\"og:description\" content=\"Caffeine czyli kofeina. Substancja stymuluj\u0105ca, znana i u\u017cywana przez ludzi w ka\u017cdej d\u0142ugo\u015bci i szeroko\u015bci geograficznej. U nas kupisz czyst\u0105 kofein\u0119!\" \/>\n<meta property=\"og:url\" content=\"https:\/\/modafinil.pl\/en\/sklep\/caffeine\/\" \/>\n<meta property=\"og:site_name\" content=\"NONSENSIA, Laboratorium.\" \/>\n<meta property=\"og:image\" content=\"https:\/\/modafinil.pl\/wp-content\/uploads\/2022\/11\/Kofeina-e1668018035159.png\" \/>\n\t<meta property=\"og:image:width\" content=\"849\" \/>\n\t<meta property=\"og:image:height\" content=\"1075\" \/>\n\t<meta property=\"og:image:type\" content=\"image\/png\" \/>\n<meta name=\"twitter:card\" content=\"summary_large_image\" \/>\n<meta name=\"twitter:label1\" content=\"Est. reading time\" \/>\n\t<meta name=\"twitter:data1\" content=\"4 minutes\" \/>\n<script type=\"application\/ld+json\" class=\"yoast-schema-graph\">{\"@context\":\"https:\/\/schema.org\",\"@graph\":[{\"@type\":\"WebPage\",\"@id\":\"https:\/\/modafinil.pl\/en\/sklep\/caffeine\/\",\"url\":\"https:\/\/modafinil.pl\/en\/sklep\/caffeine\/\",\"name\":\"Caffeine\/ Kofeina 1000mg 99.97% NONSENIA - NONSENSIA, Laboratorium.\",\"isPartOf\":{\"@id\":\"https:\/\/modafinil.pl\/#website\"},\"primaryImageOfPage\":{\"@id\":\"https:\/\/modafinil.pl\/en\/sklep\/caffeine\/#primaryimage\"},\"image\":{\"@id\":\"https:\/\/modafinil.pl\/en\/sklep\/caffeine\/#primaryimage\"},\"thumbnailUrl\":\"https:\/\/modafinil.pl\/wp-content\/uploads\/2022\/11\/Kofeina-e1668018035159.png\",\"datePublished\":\"2022-11-09T18:22:13+00:00\",\"description\":\"Caffeine czyli kofeina. Substancja stymuluj\u0105ca, znana i u\u017cywana przez ludzi w ka\u017cdej d\u0142ugo\u015bci i szeroko\u015bci geograficznej. U nas kupisz czyst\u0105 kofein\u0119!\",\"breadcrumb\":{\"@id\":\"https:\/\/modafinil.pl\/en\/sklep\/caffeine\/#breadcrumb\"},\"inLanguage\":\"en-US\",\"potentialAction\":[{\"@type\":\"ReadAction\",\"target\":[\"https:\/\/modafinil.pl\/en\/sklep\/caffeine\/\"]}]},{\"@type\":\"ImageObject\",\"inLanguage\":\"en-US\",\"@id\":\"https:\/\/modafinil.pl\/en\/sklep\/caffeine\/#primaryimage\",\"url\":\"https:\/\/modafinil.pl\/wp-content\/uploads\/2022\/11\/Kofeina-e1668018035159.png\",\"contentUrl\":\"https:\/\/modafinil.pl\/wp-content\/uploads\/2022\/11\/Kofeina-e1668018035159.png\",\"width\":849,\"height\":1075,\"caption\":\"Caffeine Nonsensia\"},{\"@type\":\"BreadcrumbList\",\"@id\":\"https:\/\/modafinil.pl\/en\/sklep\/caffeine\/#breadcrumb\",\"itemListElement\":[{\"@type\":\"ListItem\",\"position\":1,\"name\":\"Home\",\"item\":\"https:\/\/modafinil.pl\/en\/shop-2\/\"},{\"@type\":\"ListItem\",\"position\":2,\"name\":\"Nonsensia .: LAB\",\"item\":\"https:\/\/modafinil.pl\/\"},{\"@type\":\"ListItem\",\"position\":3,\"name\":\"Caffeine\/ Kofeina 1000mg 99.97% NONSENIA\"}]},{\"@type\":\"WebSite\",\"@id\":\"https:\/\/modafinil.pl\/#website\",\"url\":\"https:\/\/modafinil.pl\/\",\"name\":\"NONSENSIA, Laboratorium.\",\"description\":\"Modafinil, Bromantane NOOTROPIKI. Nonsensia LAB!\",\"potentialAction\":[{\"@type\":\"SearchAction\",\"target\":{\"@type\":\"EntryPoint\",\"urlTemplate\":\"https:\/\/modafinil.pl\/?s={search_term_string}\"},\"query-input\":{\"@type\":\"PropertyValueSpecification\",\"valueRequired\":true,\"valueName\":\"search_term_string\"}}],\"inLanguage\":\"en-US\"}]}<\/script>\n<!-- \/ Yoast SEO plugin. -->","yoast_head_json":{"title":"Caffeine\/ Kofeina 1000mg 99.97% NONSENIA - NONSENSIA, Laboratorium.","description":"Caffeine czyli kofeina. Substancja stymuluj\u0105ca, znana i u\u017cywana przez ludzi w ka\u017cdej d\u0142ugo\u015bci i szeroko\u015bci geograficznej. U nas kupisz czyst\u0105 kofein\u0119!","robots":{"index":"index","follow":"follow","max-snippet":"max-snippet:-1","max-image-preview":"max-image-preview:large","max-video-preview":"max-video-preview:-1"},"canonical":"https:\/\/modafinil.pl\/en\/sklep\/caffeine\/","og_locale":"en_US","og_type":"article","og_title":"Caffeine\/ Kofeina 1000mg 99.97% NONSENIA - NONSENSIA, Laboratorium.","og_description":"Caffeine czyli kofeina. Substancja stymuluj\u0105ca, znana i u\u017cywana przez ludzi w ka\u017cdej d\u0142ugo\u015bci i szeroko\u015bci geograficznej. U nas kupisz czyst\u0105 kofein\u0119!","og_url":"https:\/\/modafinil.pl\/en\/sklep\/caffeine\/","og_site_name":"NONSENSIA, Laboratorium.","og_image":[{"width":849,"height":1075,"url":"https:\/\/modafinil.pl\/wp-content\/uploads\/2022\/11\/Kofeina-e1668018035159.png","type":"image\/png"}],"twitter_card":"summary_large_image","twitter_misc":{"Est. reading time":"4 minutes"},"schema":{"@context":"https:\/\/schema.org","@graph":[{"@type":"WebPage","@id":"https:\/\/modafinil.pl\/en\/sklep\/caffeine\/","url":"https:\/\/modafinil.pl\/en\/sklep\/caffeine\/","name":"Caffeine\/ Kofeina 1000mg 99.97% NONSENIA - NONSENSIA, Laboratorium.","isPartOf":{"@id":"https:\/\/modafinil.pl\/#website"},"primaryImageOfPage":{"@id":"https:\/\/modafinil.pl\/en\/sklep\/caffeine\/#primaryimage"},"image":{"@id":"https:\/\/modafinil.pl\/en\/sklep\/caffeine\/#primaryimage"},"thumbnailUrl":"https:\/\/modafinil.pl\/wp-content\/uploads\/2022\/11\/Kofeina-e1668018035159.png","datePublished":"2022-11-09T18:22:13+00:00","description":"Caffeine czyli kofeina. Substancja stymuluj\u0105ca, znana i u\u017cywana przez ludzi w ka\u017cdej d\u0142ugo\u015bci i szeroko\u015bci geograficznej. U nas kupisz czyst\u0105 kofein\u0119!","breadcrumb":{"@id":"https:\/\/modafinil.pl\/en\/sklep\/caffeine\/#breadcrumb"},"inLanguage":"en-US","potentialAction":[{"@type":"ReadAction","target":["https:\/\/modafinil.pl\/en\/sklep\/caffeine\/"]}]},{"@type":"ImageObject","inLanguage":"en-US","@id":"https:\/\/modafinil.pl\/en\/sklep\/caffeine\/#primaryimage","url":"https:\/\/modafinil.pl\/wp-content\/uploads\/2022\/11\/Kofeina-e1668018035159.png","contentUrl":"https:\/\/modafinil.pl\/wp-content\/uploads\/2022\/11\/Kofeina-e1668018035159.png","width":849,"height":1075,"caption":"Caffeine Nonsensia"},{"@type":"BreadcrumbList","@id":"https:\/\/modafinil.pl\/en\/sklep\/caffeine\/#breadcrumb","itemListElement":[{"@type":"ListItem","position":1,"name":"Home","item":"https:\/\/modafinil.pl\/en\/shop-2\/"},{"@type":"ListItem","position":2,"name":"Nonsensia .: LAB","item":"https:\/\/modafinil.pl\/"},{"@type":"ListItem","position":3,"name":"Caffeine\/ Kofeina 1000mg 99.97% NONSENIA"}]},{"@type":"WebSite","@id":"https:\/\/modafinil.pl\/#website","url":"https:\/\/modafinil.pl\/","name":"NONSENSIA, Laboratorium.","description":"Modafinil, Bromantane NOOTROPIKI. Nonsensia LAB!","potentialAction":[{"@type":"SearchAction","target":{"@type":"EntryPoint","urlTemplate":"https:\/\/modafinil.pl\/?s={search_term_string}"},"query-input":{"@type":"PropertyValueSpecification","valueRequired":true,"valueName":"search_term_string"}}],"inLanguage":"en-US"}]}},"_links":{"self":[{"href":"https:\/\/modafinil.pl\/en\/wp-json\/wp\/v2\/product\/629","targetHints":{"allow":["GET"]}}],"collection":[{"href":"https:\/\/modafinil.pl\/en\/wp-json\/wp\/v2\/product"}],"about":[{"href":"https:\/\/modafinil.pl\/en\/wp-json\/wp\/v2\/types\/product"}],"replies":[{"embeddable":true,"href":"https:\/\/modafinil.pl\/en\/wp-json\/wp\/v2\/comments?post=629"}],"wp:featuredmedia":[{"embeddable":true,"href":"https:\/\/modafinil.pl\/en\/wp-json\/wp\/v2\/media\/630"}],"wp:attachment":[{"href":"https:\/\/modafinil.pl\/en\/wp-json\/wp\/v2\/media?parent=629"}],"wp:term":[{"taxonomy":"product_brand","embeddable":true,"href":"https:\/\/modafinil.pl\/en\/wp-json\/wp\/v2\/product_brand?post=629"},{"taxonomy":"product_cat","embeddable":true,"href":"https:\/\/modafinil.pl\/en\/wp-json\/wp\/v2\/product_cat?post=629"},{"taxonomy":"product_tag","embeddable":true,"href":"https:\/\/modafinil.pl\/en\/wp-json\/wp\/v2\/product_tag?post=629"}],"curies":[{"name":"wp","href":"https:\/\/api.w.org\/{rel}","templated":true}]}}