{"id":548,"date":"2022-10-09T13:20:01","date_gmt":"2022-10-09T13:20:01","guid":{"rendered":"https:\/\/modafinil.pl\/sklep\/mebicar-mebicar-temgicoluril-30x-capsules-100mg-purity-%e2%89%a5-99\/"},"modified":"2022-10-09T13:20:01","modified_gmt":"2022-10-09T13:20:01","slug":"mebicar-2","status":"publish","type":"product","link":"https:\/\/modafinil.pl\/en\/sklep\/mebicar-2\/","title":{"rendered":"Mebicar \/ Mebicar \/ Temgicoluril &#8211; 30x capsules 100mg. Purity \u2265 99%"},"content":{"rendered":"<h1>Mebicar \/ Mebikar \/ Temgicoluril<\/h1>\n<ul>\n<li>\n<h2>Mebicar purity \u2265 99%<\/h2>\n<\/li>\n<li>\n<h2>Net weight: 30 capsules of 100mg each = 3000mg.<\/h2>\n<\/li>\n<li>\n<h2>Cas No. : 10095-06-4<\/h2>\n<\/li>\n<li>\n<h2>Molecular Formula: <span title=\"Carbon\">C8H14N4O2<\/span><\/h2>\n<\/li>\n<li>\n<h2>Molar mass: <span class=\"nowrap\">198.226<\/span> g-mol-1<\/h2>\n<\/li>\n<li>\n<h2>Use: Product for laboratory testing not for consumption.<\/h2>\n<\/li>\n<\/ul>\n<p>Mebicar belongs to adaptogens, or substances that improve brain neuroplasticity. For detailed information on Mebicar, see our comprehensive research article.<\/p>\n<blockquote class=\"wp-embedded-content\" data-secret=\"6WfPdOnsLF\"><p><a href=\"https:\/\/modafinil.pl\/mebicar-wspomaga-pamiec-i-nauke-dziala-przeciwlekowo\/\">Mebicar &#8211; wspomaga pami\u0119\u0107 i nauk\u0119, dzia\u0142a przeciwl\u0119kowo<\/a><\/p><\/blockquote>\n<p><iframe loading=\"lazy\" class=\"wp-embedded-content\" sandbox=\"allow-scripts\" security=\"restricted\" style=\"position: absolute; clip: rect(1px, 1px, 1px, 1px);\" title=\"&#8220;Mebicar &#8211; wspomaga pami\u0119\u0107 i nauk\u0119, dzia\u0142a przeciwl\u0119kowo&#8221; &#8212; NONSENSIA, Laboratorium.\" src=\"https:\/\/modafinil.pl\/mebicar-wspomaga-pamiec-i-nauke-dziala-przeciwlekowo\/embed\/#?secret=hclCxYo78a#?secret=6WfPdOnsLF\" data-secret=\"6WfPdOnsLF\" width=\"600\" height=\"338\" frameborder=\"0\" marginwidth=\"0\" marginheight=\"0\" scrolling=\"no\"><\/iframe><\/p>\n<p>&nbsp;<\/p>\n","protected":false},"excerpt":{"rendered":"<p>Mebicar \/ Mebikar \/ Temgicoluril Mebicar purity \u2265 99% Net weight: 30 capsules of 100mg each = 3000mg. Cas No. : 10095-06-4 Molecular Formula: C8H14N4O2 Molar mass: 198.226 g-mol-1 Use: Product for laboratory testing not for consumption. Mebicar belongs to adaptogens, or substances that improve brain neuroplasticity. For detailed information on Mebicar, see our comprehensive [&hellip;]<\/p>\n","protected":false},"featured_media":3328,"comment_status":"closed","ping_status":"closed","template":"","meta":[],"product_brand":[],"product_cat":[164],"product_tag":[242,243,244,239,240,241],"class_list":{"0":"post-548","1":"product","2":"type-product","3":"status-publish","4":"has-post-thumbnail","6":"product_cat-uncategorized-en","7":"product_tag-10095-06-4-en","8":"product_tag-adaptogen-en","9":"product_tag-adaptogens","10":"product_tag-mebicar-en","11":"product_tag-mebikar-en","12":"product_tag-temgicoluril-en","14":"first","15":"instock","16":"shipping-taxable","17":"purchasable","18":"product-type-simple"},"yoast_head":"<!-- This site is optimized with the Yoast SEO plugin v26.5 - https:\/\/yoast.com\/wordpress\/plugins\/seo\/ -->\n<title>Buy Mebicar. Pure Mebicar, without fillers 100mg per capsule.<\/title>\n<meta name=\"description\" content=\"Mebicar belongs to the adaptogens. It has a supportive effect on the central nervous system. It improves cognition, shows anti-anxiety activity reduces anxiety.\" \/>\n<meta name=\"robots\" content=\"index, follow, max-snippet:-1, max-image-preview:large, max-video-preview:-1\" \/>\n<link rel=\"canonical\" href=\"https:\/\/modafinil.pl\/en\/sklep\/mebicar-2\/\" \/>\n<meta property=\"og:locale\" content=\"en_US\" \/>\n<meta property=\"og:type\" content=\"article\" \/>\n<meta property=\"og:title\" content=\"Buy Mebicar. Pure Mebicar, without fillers 100mg per capsule.\" \/>\n<meta property=\"og:description\" content=\"Mebicar belongs to the adaptogens. It has a supportive effect on the central nervous system. It improves cognition, shows anti-anxiety activity reduces anxiety.\" \/>\n<meta property=\"og:url\" content=\"https:\/\/modafinil.pl\/en\/sklep\/mebicar-2\/\" \/>\n<meta property=\"og:site_name\" content=\"NONSENSIA, Laboratorium.\" \/>\n<meta property=\"og:image\" content=\"https:\/\/modafinil.pl\/wp-content\/uploads\/2022\/10\/Mebicar_Mebikar_Adaptogen_kup_Onlinee.png\" \/>\n\t<meta property=\"og:image:width\" content=\"1920\" \/>\n\t<meta property=\"og:image:height\" content=\"1440\" \/>\n\t<meta property=\"og:image:type\" content=\"image\/png\" \/>\n<meta name=\"twitter:card\" content=\"summary_large_image\" \/>\n<script type=\"application\/ld+json\" class=\"yoast-schema-graph\">{\"@context\":\"https:\/\/schema.org\",\"@graph\":[{\"@type\":\"WebPage\",\"@id\":\"https:\/\/modafinil.pl\/en\/sklep\/mebicar-2\/\",\"url\":\"https:\/\/modafinil.pl\/en\/sklep\/mebicar-2\/\",\"name\":\"Buy Mebicar. Pure Mebicar, without fillers 100mg per capsule.\",\"isPartOf\":{\"@id\":\"https:\/\/modafinil.pl\/#website\"},\"primaryImageOfPage\":{\"@id\":\"https:\/\/modafinil.pl\/en\/sklep\/mebicar-2\/#primaryimage\"},\"image\":{\"@id\":\"https:\/\/modafinil.pl\/en\/sklep\/mebicar-2\/#primaryimage\"},\"thumbnailUrl\":\"https:\/\/modafinil.pl\/wp-content\/uploads\/2022\/10\/Mebicar.jpg\",\"datePublished\":\"2022-10-09T13:20:01+00:00\",\"description\":\"Mebicar belongs to the adaptogens. It has a supportive effect on the central nervous system. It improves cognition, shows anti-anxiety activity reduces anxiety.\",\"breadcrumb\":{\"@id\":\"https:\/\/modafinil.pl\/en\/sklep\/mebicar-2\/#breadcrumb\"},\"inLanguage\":\"en-US\",\"potentialAction\":[{\"@type\":\"ReadAction\",\"target\":[\"https:\/\/modafinil.pl\/en\/sklep\/mebicar-2\/\"]}]},{\"@type\":\"ImageObject\",\"inLanguage\":\"en-US\",\"@id\":\"https:\/\/modafinil.pl\/en\/sklep\/mebicar-2\/#primaryimage\",\"url\":\"https:\/\/modafinil.pl\/wp-content\/uploads\/2022\/10\/Mebicar.jpg\",\"contentUrl\":\"https:\/\/modafinil.pl\/wp-content\/uploads\/2022\/10\/Mebicar.jpg\",\"width\":1014,\"height\":647,\"caption\":\"714fd33101cd721f847aa25e447fc5a77a8afb14e8e66d5a671f268def72b8435affe0df7242ed76d656891600d96ba52bfc027b3971a72631e0f396b5005290e093c5abfa23967dbd03147762c8a4229d2ebf5f37b367238277d1db2672b859\"},{\"@type\":\"BreadcrumbList\",\"@id\":\"https:\/\/modafinil.pl\/en\/sklep\/mebicar-2\/#breadcrumb\",\"itemListElement\":[{\"@type\":\"ListItem\",\"position\":1,\"name\":\"Home\",\"item\":\"https:\/\/modafinil.pl\/en\/shop-2\/\"},{\"@type\":\"ListItem\",\"position\":2,\"name\":\"Nonsensia .: LAB\",\"item\":\"https:\/\/modafinil.pl\/\"},{\"@type\":\"ListItem\",\"position\":3,\"name\":\"Mebicar \/ Mebicar \/ Temgicoluril &#8211; 30x capsules 100mg. Purity \u2265 99%\"}]},{\"@type\":\"WebSite\",\"@id\":\"https:\/\/modafinil.pl\/#website\",\"url\":\"https:\/\/modafinil.pl\/\",\"name\":\"NONSENSIA, Laboratorium.\",\"description\":\"Modafinil, Bromantane NOOTROPIKI. Nonsensia LAB!\",\"potentialAction\":[{\"@type\":\"SearchAction\",\"target\":{\"@type\":\"EntryPoint\",\"urlTemplate\":\"https:\/\/modafinil.pl\/?s={search_term_string}\"},\"query-input\":{\"@type\":\"PropertyValueSpecification\",\"valueRequired\":true,\"valueName\":\"search_term_string\"}}],\"inLanguage\":\"en-US\"}]}<\/script>\n<!-- \/ Yoast SEO plugin. -->","yoast_head_json":{"title":"Buy Mebicar. Pure Mebicar, without fillers 100mg per capsule.","description":"Mebicar belongs to the adaptogens. It has a supportive effect on the central nervous system. It improves cognition, shows anti-anxiety activity reduces anxiety.","robots":{"index":"index","follow":"follow","max-snippet":"max-snippet:-1","max-image-preview":"max-image-preview:large","max-video-preview":"max-video-preview:-1"},"canonical":"https:\/\/modafinil.pl\/en\/sklep\/mebicar-2\/","og_locale":"en_US","og_type":"article","og_title":"Buy Mebicar. Pure Mebicar, without fillers 100mg per capsule.","og_description":"Mebicar belongs to the adaptogens. It has a supportive effect on the central nervous system. It improves cognition, shows anti-anxiety activity reduces anxiety.","og_url":"https:\/\/modafinil.pl\/en\/sklep\/mebicar-2\/","og_site_name":"NONSENSIA, Laboratorium.","og_image":[{"width":1920,"height":1440,"url":"https:\/\/modafinil.pl\/wp-content\/uploads\/2022\/10\/Mebicar_Mebikar_Adaptogen_kup_Onlinee.png","type":"image\/png"}],"twitter_card":"summary_large_image","schema":{"@context":"https:\/\/schema.org","@graph":[{"@type":"WebPage","@id":"https:\/\/modafinil.pl\/en\/sklep\/mebicar-2\/","url":"https:\/\/modafinil.pl\/en\/sklep\/mebicar-2\/","name":"Buy Mebicar. Pure Mebicar, without fillers 100mg per capsule.","isPartOf":{"@id":"https:\/\/modafinil.pl\/#website"},"primaryImageOfPage":{"@id":"https:\/\/modafinil.pl\/en\/sklep\/mebicar-2\/#primaryimage"},"image":{"@id":"https:\/\/modafinil.pl\/en\/sklep\/mebicar-2\/#primaryimage"},"thumbnailUrl":"https:\/\/modafinil.pl\/wp-content\/uploads\/2022\/10\/Mebicar.jpg","datePublished":"2022-10-09T13:20:01+00:00","description":"Mebicar belongs to the adaptogens. It has a supportive effect on the central nervous system. It improves cognition, shows anti-anxiety activity reduces anxiety.","breadcrumb":{"@id":"https:\/\/modafinil.pl\/en\/sklep\/mebicar-2\/#breadcrumb"},"inLanguage":"en-US","potentialAction":[{"@type":"ReadAction","target":["https:\/\/modafinil.pl\/en\/sklep\/mebicar-2\/"]}]},{"@type":"ImageObject","inLanguage":"en-US","@id":"https:\/\/modafinil.pl\/en\/sklep\/mebicar-2\/#primaryimage","url":"https:\/\/modafinil.pl\/wp-content\/uploads\/2022\/10\/Mebicar.jpg","contentUrl":"https:\/\/modafinil.pl\/wp-content\/uploads\/2022\/10\/Mebicar.jpg","width":1014,"height":647,"caption":"714fd33101cd721f847aa25e447fc5a77a8afb14e8e66d5a671f268def72b8435affe0df7242ed76d656891600d96ba52bfc027b3971a72631e0f396b5005290e093c5abfa23967dbd03147762c8a4229d2ebf5f37b367238277d1db2672b859"},{"@type":"BreadcrumbList","@id":"https:\/\/modafinil.pl\/en\/sklep\/mebicar-2\/#breadcrumb","itemListElement":[{"@type":"ListItem","position":1,"name":"Home","item":"https:\/\/modafinil.pl\/en\/shop-2\/"},{"@type":"ListItem","position":2,"name":"Nonsensia .: LAB","item":"https:\/\/modafinil.pl\/"},{"@type":"ListItem","position":3,"name":"Mebicar \/ Mebicar \/ Temgicoluril &#8211; 30x capsules 100mg. Purity \u2265 99%"}]},{"@type":"WebSite","@id":"https:\/\/modafinil.pl\/#website","url":"https:\/\/modafinil.pl\/","name":"NONSENSIA, Laboratorium.","description":"Modafinil, Bromantane NOOTROPIKI. Nonsensia LAB!","potentialAction":[{"@type":"SearchAction","target":{"@type":"EntryPoint","urlTemplate":"https:\/\/modafinil.pl\/?s={search_term_string}"},"query-input":{"@type":"PropertyValueSpecification","valueRequired":true,"valueName":"search_term_string"}}],"inLanguage":"en-US"}]}},"_links":{"self":[{"href":"https:\/\/modafinil.pl\/en\/wp-json\/wp\/v2\/product\/548","targetHints":{"allow":["GET"]}}],"collection":[{"href":"https:\/\/modafinil.pl\/en\/wp-json\/wp\/v2\/product"}],"about":[{"href":"https:\/\/modafinil.pl\/en\/wp-json\/wp\/v2\/types\/product"}],"replies":[{"embeddable":true,"href":"https:\/\/modafinil.pl\/en\/wp-json\/wp\/v2\/comments?post=548"}],"wp:featuredmedia":[{"embeddable":true,"href":"https:\/\/modafinil.pl\/en\/wp-json\/wp\/v2\/media\/3328"}],"wp:attachment":[{"href":"https:\/\/modafinil.pl\/en\/wp-json\/wp\/v2\/media?parent=548"}],"wp:term":[{"taxonomy":"product_brand","embeddable":true,"href":"https:\/\/modafinil.pl\/en\/wp-json\/wp\/v2\/product_brand?post=548"},{"taxonomy":"product_cat","embeddable":true,"href":"https:\/\/modafinil.pl\/en\/wp-json\/wp\/v2\/product_cat?post=548"},{"taxonomy":"product_tag","embeddable":true,"href":"https:\/\/modafinil.pl\/en\/wp-json\/wp\/v2\/product_tag?post=548"}],"curies":[{"name":"wp","href":"https:\/\/api.w.org\/{rel}","templated":true}]}}