{"id":334,"date":"2022-10-02T16:30:45","date_gmt":"2022-10-02T16:30:45","guid":{"rendered":"https:\/\/modafinil.pl\/?post_type=product&#038;p=334"},"modified":"2022-10-09T11:21:51","modified_gmt":"2022-10-09T11:21:51","slug":"aniracetam","status":"publish","type":"product","link":"https:\/\/modafinil.pl\/en\/sklep\/aniracetam\/","title":{"rendered":"Aniracetam \u2265 99%. Czysta substancja chemiczna bez wype\u0142niaczy 1000mg."},"content":{"rendered":"<h1>Aniracetam 1000mg.<\/h1>\n<ul>\n<li>\n<h4>Czysto\u015b\u0107 \u2265 99%<\/h4>\n<\/li>\n<li>\n<h4>Waga netto: 1 gram<\/h4>\n<\/li>\n<li>\n<h4>Cas Number: 72432-10-1<\/h4>\n<\/li>\n<li>\n<h4>Wz\u00f3r cz\u0105steczkowy: C12H13NO3<\/h4>\n<\/li>\n<li>\n<h4>Masa cz\u0105steczkowa: 219,240 g\u00b7mol-1<\/h4>\n<\/li>\n<li>\n<h4>Forma: Proszek.<\/h4>\n<\/li>\n<\/ul>\n<h5><a href=\"https:\/\/modafinil.pl\/aniracetam-lepsza-pamiec-i-samopoczucie-psychiczne\/\">Aniracetam<\/a> jest sprzedawany pod r\u00f3\u017cnymi markami. Ciesz\u0105ce si\u0119 najwi\u0119ksz\u0105 popularno\u015bci\u0105 s\u0105 produkty:<\/h5>\n<ul>\n<li><b>Draganon<\/b><\/li>\n<li><b>Ampamet<\/b><\/li>\n<li><b>Memodrin<\/b><\/li>\n<li><b>Sarpul<\/b><\/li>\n<li><b>Referan<\/b><\/li>\n<\/ul>\n<p>Aniracetam nale\u017cy do szerokiej grupy farmaceutyk\u00f3w nazywanych racetamami. Ze wzgl\u0119du na wysok\u0105 czysto\u015b\u0107 aniracetamu, produkt mo\u017ce by\u0107 u\u017cywany wy\u0142\u0105cznie do cel\u00f3w laboratoryjnych i naukowych. Szczeg\u00f3\u0142owe informacje na temat Aniracetamu znajdziesz na naszej stronie internetowej:<\/p>\n<h5><a href=\"https:\/\/modafinil.pl\/aniracetam-lepsza-pamiec-i-samopoczucie-psychiczne\/\">Aniracetam<\/a><\/h5>\n<p>Szukasz innych moleku\u0142? Chcesz zleci\u0107 syntez\u0119 nowych innowacyjnych produkt\u00f3w? Koniecznie skontaktuj si\u0119 z nami z przyjemno\u015bci\u0105 pomo\u017cemy w syntezie nowych substancji!<\/p>\n<p>&nbsp;<\/p>\n","protected":false},"excerpt":{"rendered":"<p>Aniracetam godny przedstawiciel lek\u00f3w nootropowych nale\u017c\u0105cy do grupy racetam\u00f3w.<\/p>\n","protected":false},"featured_media":335,"comment_status":"closed","ping_status":"closed","template":"","meta":[],"product_brand":[],"product_cat":[15],"product_tag":[93,77,91,92,94,96,95],"class_list":{"0":"post-334","1":"product","2":"type-product","3":"status-publish","4":"has-post-thumbnail","6":"product_cat-uncategorized","7":"product_tag-ampamet","8":"product_tag-aniracetam","9":"product_tag-cas-number-72432-10-1","10":"product_tag-draganon","11":"product_tag-memodrin","12":"product_tag-referan","13":"product_tag-sarpul","15":"first","16":"instock","17":"shipping-taxable","18":"purchasable","19":"product-type-simple"},"yoast_head":"<!-- This site is optimized with the Yoast SEO plugin v26.5 - https:\/\/yoast.com\/wordpress\/plugins\/seo\/ -->\n<title>Aniracetam \u2265 99%. Czysta substancja chemiczna bez wype\u0142niaczy 1000mg. modafinil.pl<\/title>\n<meta name=\"description\" content=\"Aniracetam nale\u017cy do szerokiej grupy substancji nootropowych nazywanych racetamami. Tak jak ka\u017cda moleku\u0142a z tej grupy wydatnie wspomaga pami\u0119\u0107 i kognicj\u0119.\" \/>\n<meta name=\"robots\" content=\"index, follow, max-snippet:-1, max-image-preview:large, max-video-preview:-1\" \/>\n<link rel=\"canonical\" href=\"https:\/\/modafinil.pl\/en\/sklep\/aniracetam\/\" \/>\n<meta property=\"og:locale\" content=\"en_US\" \/>\n<meta property=\"og:type\" content=\"article\" \/>\n<meta property=\"og:title\" content=\"Aniracetam \u2265 99%. Czysta substancja chemiczna bez wype\u0142niaczy 1000mg. modafinil.pl\" \/>\n<meta property=\"og:description\" content=\"Aniracetam nale\u017cy do szerokiej grupy substancji nootropowych nazywanych racetamami. Tak jak ka\u017cda moleku\u0142a z tej grupy wydatnie wspomaga pami\u0119\u0107 i kognicj\u0119.\" \/>\n<meta property=\"og:url\" content=\"https:\/\/modafinil.pl\/en\/sklep\/aniracetam\/\" \/>\n<meta property=\"og:site_name\" content=\"NONSENSIA, Laboratorium.\" \/>\n<meta property=\"article:modified_time\" content=\"2022-10-09T11:21:51+00:00\" \/>\n<meta property=\"og:image\" content=\"https:\/\/modafinil.pl\/wp-content\/uploads\/2022\/10\/Aniracetam_Kup_online-scaled-e1665313421798.jpg\" \/>\n\t<meta property=\"og:image:width\" content=\"2560\" \/>\n\t<meta property=\"og:image:height\" content=\"2233\" \/>\n\t<meta property=\"og:image:type\" content=\"image\/jpeg\" \/>\n<meta name=\"twitter:card\" content=\"summary_large_image\" \/>\n<meta name=\"twitter:label1\" content=\"Est. reading time\" \/>\n\t<meta name=\"twitter:data1\" content=\"1 minute\" \/>\n<script type=\"application\/ld+json\" class=\"yoast-schema-graph\">{\"@context\":\"https:\/\/schema.org\",\"@graph\":[{\"@type\":\"WebPage\",\"@id\":\"https:\/\/modafinil.pl\/en\/sklep\/aniracetam\/\",\"url\":\"https:\/\/modafinil.pl\/en\/sklep\/aniracetam\/\",\"name\":\"Aniracetam \u2265 99%. Czysta substancja chemiczna bez wype\u0142niaczy 1000mg. modafinil.pl\",\"isPartOf\":{\"@id\":\"https:\/\/modafinil.pl\/#website\"},\"primaryImageOfPage\":{\"@id\":\"https:\/\/modafinil.pl\/en\/sklep\/aniracetam\/#primaryimage\"},\"image\":{\"@id\":\"https:\/\/modafinil.pl\/en\/sklep\/aniracetam\/#primaryimage\"},\"thumbnailUrl\":\"https:\/\/modafinil.pl\/wp-content\/uploads\/2022\/10\/Aniracetam_Kup_online-scaled-e1665313421798.jpg\",\"datePublished\":\"2022-10-02T16:30:45+00:00\",\"dateModified\":\"2022-10-09T11:21:51+00:00\",\"description\":\"Aniracetam nale\u017cy do szerokiej grupy substancji nootropowych nazywanych racetamami. Tak jak ka\u017cda moleku\u0142a z tej grupy wydatnie wspomaga pami\u0119\u0107 i kognicj\u0119.\",\"breadcrumb\":{\"@id\":\"https:\/\/modafinil.pl\/en\/sklep\/aniracetam\/#breadcrumb\"},\"inLanguage\":\"en-US\",\"potentialAction\":[{\"@type\":\"ReadAction\",\"target\":[\"https:\/\/modafinil.pl\/en\/sklep\/aniracetam\/\"]}]},{\"@type\":\"ImageObject\",\"inLanguage\":\"en-US\",\"@id\":\"https:\/\/modafinil.pl\/en\/sklep\/aniracetam\/#primaryimage\",\"url\":\"https:\/\/modafinil.pl\/wp-content\/uploads\/2022\/10\/Aniracetam_Kup_online-scaled-e1665313421798.jpg\",\"contentUrl\":\"https:\/\/modafinil.pl\/wp-content\/uploads\/2022\/10\/Aniracetam_Kup_online-scaled-e1665313421798.jpg\",\"width\":2560,\"height\":2233,\"caption\":\"Aniracetam\"},{\"@type\":\"BreadcrumbList\",\"@id\":\"https:\/\/modafinil.pl\/en\/sklep\/aniracetam\/#breadcrumb\",\"itemListElement\":[{\"@type\":\"ListItem\",\"position\":1,\"name\":\"Home\",\"item\":\"https:\/\/modafinil.pl\/en\/shop-2\/\"},{\"@type\":\"ListItem\",\"position\":2,\"name\":\"Nonsensia .: LAB\",\"item\":\"https:\/\/modafinil.pl\/\"},{\"@type\":\"ListItem\",\"position\":3,\"name\":\"Aniracetam \u2265 99%. Czysta substancja chemiczna bez wype\u0142niaczy 1000mg.\"}]},{\"@type\":\"WebSite\",\"@id\":\"https:\/\/modafinil.pl\/#website\",\"url\":\"https:\/\/modafinil.pl\/\",\"name\":\"NONSENSIA, Laboratorium.\",\"description\":\"Modafinil, Bromantane NOOTROPIKI. Nonsensia LAB!\",\"potentialAction\":[{\"@type\":\"SearchAction\",\"target\":{\"@type\":\"EntryPoint\",\"urlTemplate\":\"https:\/\/modafinil.pl\/?s={search_term_string}\"},\"query-input\":{\"@type\":\"PropertyValueSpecification\",\"valueRequired\":true,\"valueName\":\"search_term_string\"}}],\"inLanguage\":\"en-US\"}]}<\/script>\n<!-- \/ Yoast SEO plugin. -->","yoast_head_json":{"title":"Aniracetam \u2265 99%. Czysta substancja chemiczna bez wype\u0142niaczy 1000mg. modafinil.pl","description":"Aniracetam nale\u017cy do szerokiej grupy substancji nootropowych nazywanych racetamami. Tak jak ka\u017cda moleku\u0142a z tej grupy wydatnie wspomaga pami\u0119\u0107 i kognicj\u0119.","robots":{"index":"index","follow":"follow","max-snippet":"max-snippet:-1","max-image-preview":"max-image-preview:large","max-video-preview":"max-video-preview:-1"},"canonical":"https:\/\/modafinil.pl\/en\/sklep\/aniracetam\/","og_locale":"en_US","og_type":"article","og_title":"Aniracetam \u2265 99%. Czysta substancja chemiczna bez wype\u0142niaczy 1000mg. modafinil.pl","og_description":"Aniracetam nale\u017cy do szerokiej grupy substancji nootropowych nazywanych racetamami. Tak jak ka\u017cda moleku\u0142a z tej grupy wydatnie wspomaga pami\u0119\u0107 i kognicj\u0119.","og_url":"https:\/\/modafinil.pl\/en\/sklep\/aniracetam\/","og_site_name":"NONSENSIA, Laboratorium.","article_modified_time":"2022-10-09T11:21:51+00:00","og_image":[{"width":2560,"height":2233,"url":"https:\/\/modafinil.pl\/wp-content\/uploads\/2022\/10\/Aniracetam_Kup_online-scaled-e1665313421798.jpg","type":"image\/jpeg"}],"twitter_card":"summary_large_image","twitter_misc":{"Est. reading time":"1 minute"},"schema":{"@context":"https:\/\/schema.org","@graph":[{"@type":"WebPage","@id":"https:\/\/modafinil.pl\/en\/sklep\/aniracetam\/","url":"https:\/\/modafinil.pl\/en\/sklep\/aniracetam\/","name":"Aniracetam \u2265 99%. Czysta substancja chemiczna bez wype\u0142niaczy 1000mg. modafinil.pl","isPartOf":{"@id":"https:\/\/modafinil.pl\/#website"},"primaryImageOfPage":{"@id":"https:\/\/modafinil.pl\/en\/sklep\/aniracetam\/#primaryimage"},"image":{"@id":"https:\/\/modafinil.pl\/en\/sklep\/aniracetam\/#primaryimage"},"thumbnailUrl":"https:\/\/modafinil.pl\/wp-content\/uploads\/2022\/10\/Aniracetam_Kup_online-scaled-e1665313421798.jpg","datePublished":"2022-10-02T16:30:45+00:00","dateModified":"2022-10-09T11:21:51+00:00","description":"Aniracetam nale\u017cy do szerokiej grupy substancji nootropowych nazywanych racetamami. Tak jak ka\u017cda moleku\u0142a z tej grupy wydatnie wspomaga pami\u0119\u0107 i kognicj\u0119.","breadcrumb":{"@id":"https:\/\/modafinil.pl\/en\/sklep\/aniracetam\/#breadcrumb"},"inLanguage":"en-US","potentialAction":[{"@type":"ReadAction","target":["https:\/\/modafinil.pl\/en\/sklep\/aniracetam\/"]}]},{"@type":"ImageObject","inLanguage":"en-US","@id":"https:\/\/modafinil.pl\/en\/sklep\/aniracetam\/#primaryimage","url":"https:\/\/modafinil.pl\/wp-content\/uploads\/2022\/10\/Aniracetam_Kup_online-scaled-e1665313421798.jpg","contentUrl":"https:\/\/modafinil.pl\/wp-content\/uploads\/2022\/10\/Aniracetam_Kup_online-scaled-e1665313421798.jpg","width":2560,"height":2233,"caption":"Aniracetam"},{"@type":"BreadcrumbList","@id":"https:\/\/modafinil.pl\/en\/sklep\/aniracetam\/#breadcrumb","itemListElement":[{"@type":"ListItem","position":1,"name":"Home","item":"https:\/\/modafinil.pl\/en\/shop-2\/"},{"@type":"ListItem","position":2,"name":"Nonsensia .: LAB","item":"https:\/\/modafinil.pl\/"},{"@type":"ListItem","position":3,"name":"Aniracetam \u2265 99%. Czysta substancja chemiczna bez wype\u0142niaczy 1000mg."}]},{"@type":"WebSite","@id":"https:\/\/modafinil.pl\/#website","url":"https:\/\/modafinil.pl\/","name":"NONSENSIA, Laboratorium.","description":"Modafinil, Bromantane NOOTROPIKI. Nonsensia LAB!","potentialAction":[{"@type":"SearchAction","target":{"@type":"EntryPoint","urlTemplate":"https:\/\/modafinil.pl\/?s={search_term_string}"},"query-input":{"@type":"PropertyValueSpecification","valueRequired":true,"valueName":"search_term_string"}}],"inLanguage":"en-US"}]}},"_links":{"self":[{"href":"https:\/\/modafinil.pl\/en\/wp-json\/wp\/v2\/product\/334","targetHints":{"allow":["GET"]}}],"collection":[{"href":"https:\/\/modafinil.pl\/en\/wp-json\/wp\/v2\/product"}],"about":[{"href":"https:\/\/modafinil.pl\/en\/wp-json\/wp\/v2\/types\/product"}],"replies":[{"embeddable":true,"href":"https:\/\/modafinil.pl\/en\/wp-json\/wp\/v2\/comments?post=334"}],"wp:featuredmedia":[{"embeddable":true,"href":"https:\/\/modafinil.pl\/en\/wp-json\/wp\/v2\/media\/335"}],"wp:attachment":[{"href":"https:\/\/modafinil.pl\/en\/wp-json\/wp\/v2\/media?parent=334"}],"wp:term":[{"taxonomy":"product_brand","embeddable":true,"href":"https:\/\/modafinil.pl\/en\/wp-json\/wp\/v2\/product_brand?post=334"},{"taxonomy":"product_cat","embeddable":true,"href":"https:\/\/modafinil.pl\/en\/wp-json\/wp\/v2\/product_cat?post=334"},{"taxonomy":"product_tag","embeddable":true,"href":"https:\/\/modafinil.pl\/en\/wp-json\/wp\/v2\/product_tag?post=334"}],"curies":[{"name":"wp","href":"https:\/\/api.w.org\/{rel}","templated":true}]}}